{"id":30,"date":"2013-06-13T19:36:57","date_gmt":"2013-06-13T17:36:57","guid":{"rendered":"http:\/\/www.csavarkft.hu\/?page_id=30"},"modified":"2026-01-05T07:03:51","modified_gmt":"2026-01-05T06:03:51","slug":"bemutatkozas","status":"publish","type":"page","link":"http:\/\/www.csavarkft.hu\/","title":{"rendered":"Kezd\u0151lap"},"content":{"rendered":"<p>&nbsp;<\/p>\n<p>&nbsp;<\/p>\n<p>&nbsp;<\/p>\n<p><strong>\u00dcdv\u00f6z\u00f6lj\u00fck a Csavar Kft. honlapj\u00e1n!<\/strong><\/p>\n<p>Szak\u00fczlet\u00fcnk 1989 \u00f3ta \u00e1ll a v\u00e1s\u00e1rl\u00f3k rendelkez\u00e9s\u00e9re, eleinte csavarok, szegek \u00e9s m\u00e1s k\u00f6t\u0151elemek \u00e9rt\u00e9kes\u00edt\u00e9s\u00e9vel.<br \/>K\u00e9s\u0151bb \u00e1ruk\u00e9szlet\u00fcnket egyre ink\u00e1bb kib\u0151v\u00edtett\u00fck, ma m\u00e1r k\u00edn\u00e1latunkban a r\u00f6gz\u00edt\u00e9stechnikai term\u00e9kek mellett k\u00fcl\u00f6nb\u00f6z\u0151 \u00e9p\u00fcletvasalatok, z\u00e1rak, lakatok, kilincsek, valamint k\u00e9zi- \u00e9s kerti szersz\u00e1mok sz\u00e9les v\u00e1laszt\u00e9kban megtal\u00e1lhat\u00f3ak.<\/p>\n<p>Hagyom\u00e1nyos kiszolg\u00e1l\u00e1ssal igyeksz\u00fcnk minden v\u00e1s\u00e1rl\u00f3i elv\u00e1r\u00e1st maxim\u00e1lisan teljes\u00edteni, azonfel\u00fcl szak\u00e9rtelm\u00fcnkkel megfelel\u0151<br \/>tan\u00e1csot adni.<\/p>\n<p>\u00dczlet\u00fcnkben szeretettel v\u00e1runk minden kedves \u00e9p\u00edtkez\u0151t, fel\u00faj\u00edt\u00f3t, b\u00edzva a hossz\u00fa, k\u00f6lcs\u00f6n\u00f6s egy\u00fcttm\u0171k\u00f6d\u00e9sben.<\/p>\n<h4><strong>C\u00edm\u00fcnk: 1105 Budapest K\u0151r\u00f6si Csoma S\u00e1ndor \u00fat. 35-37.<\/strong><\/h4>\n<h4><strong>Telefon: +361 262 8680<\/strong><\/h4>\n<h4>e-mail:<\/h4>\n<h4><a href=\"mailto:info@csavarkft.hu\"><span style=\"color: #000000;\">info@csavarkft.hu<\/span><\/a><\/h4>\n<h4><strong>Nyitva tart\u00e1s:<\/strong><\/h4>\n<h3><strong>h\u00e9tf\u0151 &#8211; cs\u00fct\u00f6rt\u00f6k : 7:00 &#8211; 16:00<br \/><\/strong><\/h3>\n<h3><strong>p\u00e9ntek: 7:00 &#8211; 15:00<\/strong><\/h3>\n<p>&nbsp;<\/p>\n\n\n<p><\/p>\n","protected":false},"excerpt":{"rendered":"<p>&nbsp; &nbsp; &nbsp; \u00dcdv\u00f6z\u00f6lj\u00fck a Csavar Kft. honlapj\u00e1n! Szak\u00fczlet\u00fcnk 1989 \u00f3ta \u00e1ll a v\u00e1s\u00e1rl\u00f3k rendelkez\u00e9s\u00e9re, eleinte csavarok, szegek \u00e9s m\u00e1s k\u00f6t\u0151elemek \u00e9rt\u00e9kes\u00edt\u00e9s\u00e9vel.K\u00e9s\u0151bb \u00e1ruk\u00e9szlet\u00fcnket egyre ink\u00e1bb kib\u0151v\u00edtett\u00fck, ma m\u00e1r k\u00edn\u00e1latunkban a r\u00f6gz\u00edt\u00e9stechnikai term\u00e9kek mellett k\u00fcl\u00f6nb\u00f6z\u0151 \u00e9p\u00fcletvasalatok, z\u00e1rak, lakatok, kilincsek, valamint k\u00e9zi- \u00e9s kerti szersz\u00e1mok sz\u00e9les v\u00e1laszt\u00e9kban megtal\u00e1lhat\u00f3ak. Hagyom\u00e1nyos kiszolg\u00e1l\u00e1ssal igyeksz\u00fcnk minden v\u00e1s\u00e1rl\u00f3i elv\u00e1r\u00e1st maxim\u00e1lisan teljes\u00edteni, azonfel\u00fcl [&hellip;]<\/p>\n","protected":false},"author":1,"featured_media":0,"parent":0,"menu_order":0,"comment_status":"closed","ping_status":"closed","template":"","meta":{"footnotes":""},"class_list":["post-30","page","type-page","status-publish","hentry"],"_links":{"self":[{"href":"http:\/\/www.csavarkft.hu\/index.php?rest_route=\/wp\/v2\/pages\/30","targetHints":{"allow":["GET"]}}],"collection":[{"href":"http:\/\/www.csavarkft.hu\/index.php?rest_route=\/wp\/v2\/pages"}],"about":[{"href":"http:\/\/www.csavarkft.hu\/index.php?rest_route=\/wp\/v2\/types\/page"}],"author":[{"embeddable":true,"href":"http:\/\/www.csavarkft.hu\/index.php?rest_route=\/wp\/v2\/users\/1"}],"replies":[{"embeddable":true,"href":"http:\/\/www.csavarkft.hu\/index.php?rest_route=%2Fwp%2Fv2%2Fcomments&post=30"}],"version-history":[{"count":11,"href":"http:\/\/www.csavarkft.hu\/index.php?rest_route=\/wp\/v2\/pages\/30\/revisions"}],"predecessor-version":[{"id":443,"href":"http:\/\/www.csavarkft.hu\/index.php?rest_route=\/wp\/v2\/pages\/30\/revisions\/443"}],"wp:attachment":[{"href":"http:\/\/www.csavarkft.hu\/index.php?rest_route=%2Fwp%2Fv2%2Fmedia&parent=30"}],"curies":[{"name":"wp","href":"https:\/\/api.w.org\/{rel}","templated":true}]}}