{"id":9,"date":"2013-06-13T18:54:55","date_gmt":"2013-06-13T16:54:55","guid":{"rendered":"http:\/\/www.csavarkft.hu\/?page_id=9"},"modified":"2025-05-09T15:02:09","modified_gmt":"2025-05-09T13:02:09","slug":"kapcsolat","status":"publish","type":"page","link":"http:\/\/www.csavarkft.hu\/?page_id=9","title":{"rendered":"Kapcsolat"},"content":{"rendered":"<h3><strong>Bek J\u00f3zsef<\/strong><\/h3>\n<h3><strong>Telefon:<\/strong><\/h3>\n<address>+36 1 262 86 80 <\/address>\n<h3><strong>Nyitvatart\u00e1s<\/strong>:<\/h3>\n<h3><strong>H\u00e9tf\u0151- Cs\u00fct\u00f6rt\u00f6k : 7:00 &#8211; 16:00<\/strong><\/h3>\n<h3><strong>P\u00e9ntek: 7:00 &#8211; 15:00<\/strong><\/h3>\n<address><strong>e-<wbr \/>mail1:\u00a0<\/strong><\/address>\n<address><a href=\"mailto:bek.jozsef@csavarkft.hu\">bek.jozsef@csavarkft.hu<\/a><\/address>\n<address>e-mail2:<\/address>\n<address><a href=\"mailto:info@csavarkft.hu\">info@csavarkft.hu<\/a><\/address>\n<p>\u00a0<img loading=\"lazy\" decoding=\"async\" class=\"alignnone size-medium wp-image-327\" src=\"http:\/\/www.csavarkft.hu\/wp-content\/uploads\/2025\/03\/cropped-23-1-300x162.jpg\" alt=\"\" width=\"300\" height=\"162\" srcset=\"http:\/\/www.csavarkft.hu\/wp-content\/uploads\/2025\/03\/cropped-23-1-300x162.jpg 300w, http:\/\/www.csavarkft.hu\/wp-content\/uploads\/2025\/03\/cropped-23-1-1024x554.jpg 1024w, http:\/\/www.csavarkft.hu\/wp-content\/uploads\/2025\/03\/cropped-23-1-768x415.jpg 768w, http:\/\/www.csavarkft.hu\/wp-content\/uploads\/2025\/03\/cropped-23-1-1536x831.jpg 1536w, http:\/\/www.csavarkft.hu\/wp-content\/uploads\/2025\/03\/cropped-23-1-2048x1108.jpg 2048w\" sizes=\"auto, (max-width: 300px) 100vw, 300px\" \/><\/p>\n<p><strong>C\u00edm\u00fcnk:<\/strong><\/p>\n<h3><strong>1105 Budapest, K\u0151r\u00f6si Csoma S\u00e1ndor \u00fat 35 &#8211; 37<\/strong><\/h3>\n<p><iframe loading=\"lazy\" src=\"http:\/\/maps.google.hu\/maps?f=q&amp;source=s_q&amp;hl=hu&amp;geocode=&amp;q=Csavar+Kft,+Budapest,+K%C3%B6r%C3%B6si+Csoma+S%C3%A1ndor+%C3%BAt&amp;aq=0&amp;sll=47.15984,19.500732&amp;sspn=3.705331,7.064209&amp;ie=UTF8&amp;hq=Csavar+Kft,&amp;hnear=Budapest,+X.+ker%C3%BClet,+K%C3%B6r%C3%B6si+Csoma+S%C3%A1ndor+%C3%BAt&amp;ll=47.487919,19.134665&amp;spn=0.00696,0.013733&amp;z=16&amp;output=embed\" width=\"457\" height=\"457\" frameborder=\"0\" marginwidth=\"0\" marginheight=\"0\" scrolling=\"no\"><\/iframe><br \/>\n<small><a style=\"color: #0000ff; text-align: left;\" href=\"http:\/\/maps.google.hu\/maps?f=q&amp;source=embed&amp;hl=hu&amp;geocode=&amp;q=Csavar+Kft,+Budapest,+K%C3%B6r%C3%B6si+Csoma+S%C3%A1ndor+%C3%BAt&amp;aq=0&amp;sll=47.15984,19.500732&amp;sspn=3.705331,7.064209&amp;ie=UTF8&amp;hq=Csavar+Kft,&amp;hnear=Budapest,+X.+ker%C3%BClet,+K%C3%B6r%C3%B6si+Csoma+S%C3%A1ndor+%C3%BAt&amp;ll=47.487919,19.134665&amp;spn=0.00696,0.013733&amp;z=16\">Nagyobb t\u00e9rk\u00e9pre v\u00e1lt\u00e1s<\/a><\/small><\/p>\n","protected":false},"excerpt":{"rendered":"<p>Bek J\u00f3zsef Telefon: +36 1 262 86 80 Nyitvatart\u00e1s: H\u00e9tf\u0151- Cs\u00fct\u00f6rt\u00f6k : 7:00 &#8211; 16:00 P\u00e9ntek: 7:00 &#8211; 15:00 e-mail1:\u00a0 bek.jozsef@csavarkft.hu e-mail2: info@csavarkft.hu \u00a0 C\u00edm\u00fcnk: 1105 Budapest, K\u0151r\u00f6si Csoma S\u00e1ndor \u00fat 35 &#8211; 37 Nagyobb t\u00e9rk\u00e9pre v\u00e1lt\u00e1s<\/p>\n","protected":false},"author":1,"featured_media":0,"parent":0,"menu_order":0,"comment_status":"closed","ping_status":"closed","template":"","meta":{"footnotes":""},"class_list":["post-9","page","type-page","status-publish","hentry"],"_links":{"self":[{"href":"http:\/\/www.csavarkft.hu\/index.php?rest_route=\/wp\/v2\/pages\/9","targetHints":{"allow":["GET"]}}],"collection":[{"href":"http:\/\/www.csavarkft.hu\/index.php?rest_route=\/wp\/v2\/pages"}],"about":[{"href":"http:\/\/www.csavarkft.hu\/index.php?rest_route=\/wp\/v2\/types\/page"}],"author":[{"embeddable":true,"href":"http:\/\/www.csavarkft.hu\/index.php?rest_route=\/wp\/v2\/users\/1"}],"replies":[{"embeddable":true,"href":"http:\/\/www.csavarkft.hu\/index.php?rest_route=%2Fwp%2Fv2%2Fcomments&post=9"}],"version-history":[{"count":6,"href":"http:\/\/www.csavarkft.hu\/index.php?rest_route=\/wp\/v2\/pages\/9\/revisions"}],"predecessor-version":[{"id":411,"href":"http:\/\/www.csavarkft.hu\/index.php?rest_route=\/wp\/v2\/pages\/9\/revisions\/411"}],"wp:attachment":[{"href":"http:\/\/www.csavarkft.hu\/index.php?rest_route=%2Fwp%2Fv2%2Fmedia&parent=9"}],"curies":[{"name":"wp","href":"https:\/\/api.w.org\/{rel}","templated":true}]}}